{"id":2131,"date":"2021-08-27T12:05:22","date_gmt":"2021-08-27T12:05:22","guid":{"rendered":"https:\/\/alvarolopesefilhos.pt\/?post_type=product&#038;p=2131"},"modified":"2024-07-30T14:15:41","modified_gmt":"2024-07-30T14:15:41","slug":"rodape","status":"publish","type":"product","link":"https:\/\/alvarolopesefilhos.pt\/en\/produto\/rodape\/","title":{"rendered":"Rodap\u00e9"},"content":{"rendered":"<p>Rodap\u00e9 em contraplacado folheado a madeira natural e envernizado. No caso do rodap\u00e9 Branco, \u00e9 em PVC expandido.<\/p>\n<p>Medida standard at\u00e9 (cm): 250&#215;5,8&#215;1,5<\/p>\n<p><strong>A todos os pre\u00e7os acresce IVA \u00e0 taxa em vigor<\/strong><\/p>\n<p>Outras medias e pre\u00e7o sob or\u00e7amenta\u00e7\u00e3o atrav\u00e9s do <a href=\"https:\/\/alvarolopesefilhos.pt\/moveis-personalizados\/\" target=\"_blank\" rel=\"noopener\">formul\u00e1rio de contacto<\/a>.<\/p>\n","protected":false},"excerpt":{"rendered":"<p>Medida standard at\u00e9 (cm): 250&#215;5,8&#215;1,5<\/p>\n","protected":false},"featured_media":2172,"comment_status":"open","ping_status":"closed","template":"","meta":[],"product_brand":[],"product_cat":[41],"product_tag":[],"class_list":{"0":"post-2131","1":"product","2":"type-product","3":"status-publish","4":"has-post-thumbnail","6":"product_cat-rodapes","8":"first","9":"instock","10":"taxable","11":"shipping-taxable","12":"product-type-simple"},"yoast_head":"<!-- This site is optimized with the Yoast SEO plugin v27.2 - https:\/\/yoast.com\/product\/yoast-seo-wordpress\/ -->\n<title>Rodap\u00e9 - \u00c1lvaro Lopes e Filhos<\/title>\n<meta name=\"robots\" content=\"index, follow, max-snippet:-1, max-image-preview:large, max-video-preview:-1\" \/>\n<link rel=\"canonical\" href=\"https:\/\/alvarolopesefilhos.pt\/en\/produto\/rodape\/\" \/>\n<meta property=\"og:locale\" content=\"en_US\" \/>\n<meta property=\"og:type\" content=\"article\" \/>\n<meta property=\"og:title\" content=\"Rodap\u00e9 - \u00c1lvaro Lopes e Filhos\" \/>\n<meta property=\"og:description\" content=\"Medida standard at\u00e9 (cm): 250x5,8x1,5\" \/>\n<meta property=\"og:url\" content=\"https:\/\/alvarolopesefilhos.pt\/en\/produto\/rodape\/\" \/>\n<meta property=\"og:site_name\" content=\"\u00c1lvaro Lopes e Filhos\" \/>\n<meta property=\"article:modified_time\" content=\"2024-07-30T14:15:41+00:00\" \/>\n<meta property=\"og:image\" content=\"https:\/\/alvarolopesefilhos.pt\/wp-content\/uploads\/2021\/08\/rodape-01.jpg\" \/>\n\t<meta property=\"og:image:width\" content=\"1920\" \/>\n\t<meta property=\"og:image:height\" content=\"1280\" \/>\n\t<meta property=\"og:image:type\" content=\"image\/jpeg\" \/>\n<meta name=\"twitter:card\" content=\"summary_large_image\" \/>\n<meta name=\"twitter:label1\" content=\"Est. reading time\" \/>\n\t<meta name=\"twitter:data1\" content=\"1 minute\" \/>\n<script type=\"application\/ld+json\" class=\"yoast-schema-graph\">{\"@context\":\"https:\/\/schema.org\",\"@graph\":[{\"@type\":\"WebPage\",\"@id\":\"https:\/\/alvarolopesefilhos.pt\/en\/produto\/rodape\/\",\"url\":\"https:\/\/alvarolopesefilhos.pt\/en\/produto\/rodape\/\",\"name\":\"Rodap\u00e9 - \u00c1lvaro Lopes e Filhos\",\"isPartOf\":{\"@id\":\"https:\/\/alvarolopesefilhos.pt\/en\/#website\"},\"primaryImageOfPage\":{\"@id\":\"https:\/\/alvarolopesefilhos.pt\/en\/produto\/rodape\/#primaryimage\"},\"image\":{\"@id\":\"https:\/\/alvarolopesefilhos.pt\/en\/produto\/rodape\/#primaryimage\"},\"thumbnailUrl\":\"https:\/\/alvarolopesefilhos.pt\/wp-content\/uploads\/2021\/08\/rodape-01.jpg\",\"datePublished\":\"2021-08-27T12:05:22+00:00\",\"dateModified\":\"2024-07-30T14:15:41+00:00\",\"breadcrumb\":{\"@id\":\"https:\/\/alvarolopesefilhos.pt\/en\/produto\/rodape\/#breadcrumb\"},\"inLanguage\":\"en-US\",\"potentialAction\":[{\"@type\":\"ReadAction\",\"target\":[\"https:\/\/alvarolopesefilhos.pt\/en\/produto\/rodape\/\"]}]},{\"@type\":\"ImageObject\",\"inLanguage\":\"en-US\",\"@id\":\"https:\/\/alvarolopesefilhos.pt\/en\/produto\/rodape\/#primaryimage\",\"url\":\"https:\/\/alvarolopesefilhos.pt\/wp-content\/uploads\/2021\/08\/rodape-01.jpg\",\"contentUrl\":\"https:\/\/alvarolopesefilhos.pt\/wp-content\/uploads\/2021\/08\/rodape-01.jpg\",\"width\":1920,\"height\":1280,\"caption\":\"SSUCv3H4sIAAAAAAAEAJ1SQW6DMBC8V+ofkM9BAhxI6FeiHtbYIasARvaSqor4e42Jpc21N+\/Mznpm7efnR5YJBR478ZU9tyrUOAyLJweEdgpwcXjhRiNZhzBs4IatkRGegBZvPBsBA4y\/oS6TVmHvyXb3+WbJBkImQpvZeqSI+zfCGRg94Wg4eg1tAwIfPdtJ17zH3xYi4+J9WyOz2gGZPmR4M5vyX\/Y6S0QkgyJQQhwY5hcVsQSth38r98N3sg69mbptcc+VuXZmMLAv+LK3ivtPSDjGFK+mB2pjWQ2LRstSPmwHQ9wwmzw77HDqmczSzTgm6+wykdssibJpBd9l+CR2ZNLJUvT4iix0WHbUybKuy1qeCtmU1fkoG5E+Tngh1DwF6k1RnEBpVclcVVrnx1a2uTpfTzk0sqiUBmnqJlhZ\/wC0THHswAIAAA==\"},{\"@type\":\"BreadcrumbList\",\"@id\":\"https:\/\/alvarolopesefilhos.pt\/en\/produto\/rodape\/#breadcrumb\",\"itemListElement\":[{\"@type\":\"ListItem\",\"position\":1,\"name\":\"In\u00edcio\",\"item\":\"https:\/\/alvarolopesefilhos.pt\/en\/\"},{\"@type\":\"ListItem\",\"position\":2,\"name\":\"Produtos\",\"item\":\"https:\/\/alvarolopesefilhos.pt\/loja\/\"},{\"@type\":\"ListItem\",\"position\":3,\"name\":\"Rodap\u00e9\"}]},{\"@type\":\"WebSite\",\"@id\":\"https:\/\/alvarolopesefilhos.pt\/en\/#website\",\"url\":\"https:\/\/alvarolopesefilhos.pt\/en\/\",\"name\":\"\u00c1lvaro Lopes e Filhos\",\"description\":\"\",\"publisher\":{\"@id\":\"https:\/\/alvarolopesefilhos.pt\/en\/#organization\"},\"potentialAction\":[{\"@type\":\"SearchAction\",\"target\":{\"@type\":\"EntryPoint\",\"urlTemplate\":\"https:\/\/alvarolopesefilhos.pt\/en\/?s={search_term_string}\"},\"query-input\":{\"@type\":\"PropertyValueSpecification\",\"valueRequired\":true,\"valueName\":\"search_term_string\"}}],\"inLanguage\":\"en-US\"},{\"@type\":\"Organization\",\"@id\":\"https:\/\/alvarolopesefilhos.pt\/en\/#organization\",\"name\":\"Carpintaria \u00c1lvaro Lopes e Filhos\",\"url\":\"https:\/\/alvarolopesefilhos.pt\/en\/\",\"logo\":{\"@type\":\"ImageObject\",\"inLanguage\":\"en-US\",\"@id\":\"https:\/\/alvarolopesefilhos.pt\/en\/#\/schema\/logo\/image\/\",\"url\":\"https:\/\/alvarolopesefilhos.pt\/wp-content\/uploads\/2021\/03\/logo_alvaro-01h-1.jpg\",\"contentUrl\":\"https:\/\/alvarolopesefilhos.pt\/wp-content\/uploads\/2021\/03\/logo_alvaro-01h-1.jpg\",\"width\":842,\"height\":596,\"caption\":\"Carpintaria \u00c1lvaro Lopes e Filhos\"},\"image\":{\"@id\":\"https:\/\/alvarolopesefilhos.pt\/en\/#\/schema\/logo\/image\/\"}}]}<\/script>\n<!-- \/ Yoast SEO plugin. -->","yoast_head_json":{"title":"Rodap\u00e9 - \u00c1lvaro Lopes e Filhos","robots":{"index":"index","follow":"follow","max-snippet":"max-snippet:-1","max-image-preview":"max-image-preview:large","max-video-preview":"max-video-preview:-1"},"canonical":"https:\/\/alvarolopesefilhos.pt\/en\/produto\/rodape\/","og_locale":"en_US","og_type":"article","og_title":"Rodap\u00e9 - \u00c1lvaro Lopes e Filhos","og_description":"Medida standard at\u00e9 (cm): 250x5,8x1,5","og_url":"https:\/\/alvarolopesefilhos.pt\/en\/produto\/rodape\/","og_site_name":"\u00c1lvaro Lopes e Filhos","article_modified_time":"2024-07-30T14:15:41+00:00","og_image":[{"width":1920,"height":1280,"url":"https:\/\/alvarolopesefilhos.pt\/wp-content\/uploads\/2021\/08\/rodape-01.jpg","type":"image\/jpeg"}],"twitter_card":"summary_large_image","twitter_misc":{"Est. reading time":"1 minute"},"schema":{"@context":"https:\/\/schema.org","@graph":[{"@type":"WebPage","@id":"https:\/\/alvarolopesefilhos.pt\/en\/produto\/rodape\/","url":"https:\/\/alvarolopesefilhos.pt\/en\/produto\/rodape\/","name":"Rodap\u00e9 - \u00c1lvaro Lopes e Filhos","isPartOf":{"@id":"https:\/\/alvarolopesefilhos.pt\/en\/#website"},"primaryImageOfPage":{"@id":"https:\/\/alvarolopesefilhos.pt\/en\/produto\/rodape\/#primaryimage"},"image":{"@id":"https:\/\/alvarolopesefilhos.pt\/en\/produto\/rodape\/#primaryimage"},"thumbnailUrl":"https:\/\/alvarolopesefilhos.pt\/wp-content\/uploads\/2021\/08\/rodape-01.jpg","datePublished":"2021-08-27T12:05:22+00:00","dateModified":"2024-07-30T14:15:41+00:00","breadcrumb":{"@id":"https:\/\/alvarolopesefilhos.pt\/en\/produto\/rodape\/#breadcrumb"},"inLanguage":"en-US","potentialAction":[{"@type":"ReadAction","target":["https:\/\/alvarolopesefilhos.pt\/en\/produto\/rodape\/"]}]},{"@type":"ImageObject","inLanguage":"en-US","@id":"https:\/\/alvarolopesefilhos.pt\/en\/produto\/rodape\/#primaryimage","url":"https:\/\/alvarolopesefilhos.pt\/wp-content\/uploads\/2021\/08\/rodape-01.jpg","contentUrl":"https:\/\/alvarolopesefilhos.pt\/wp-content\/uploads\/2021\/08\/rodape-01.jpg","width":1920,"height":1280,"caption":"SSUCv3H4sIAAAAAAAEAJ1SQW6DMBC8V+ofkM9BAhxI6FeiHtbYIasARvaSqor4e42Jpc21N+\/Mznpm7efnR5YJBR478ZU9tyrUOAyLJweEdgpwcXjhRiNZhzBs4IatkRGegBZvPBsBA4y\/oS6TVmHvyXb3+WbJBkImQpvZeqSI+zfCGRg94Wg4eg1tAwIfPdtJ17zH3xYi4+J9WyOz2gGZPmR4M5vyX\/Y6S0QkgyJQQhwY5hcVsQSth38r98N3sg69mbptcc+VuXZmMLAv+LK3ivtPSDjGFK+mB2pjWQ2LRstSPmwHQ9wwmzw77HDqmczSzTgm6+wykdssibJpBd9l+CR2ZNLJUvT4iix0WHbUybKuy1qeCtmU1fkoG5E+Tngh1DwF6k1RnEBpVclcVVrnx1a2uTpfTzk0sqiUBmnqJlhZ\/wC0THHswAIAAA=="},{"@type":"BreadcrumbList","@id":"https:\/\/alvarolopesefilhos.pt\/en\/produto\/rodape\/#breadcrumb","itemListElement":[{"@type":"ListItem","position":1,"name":"In\u00edcio","item":"https:\/\/alvarolopesefilhos.pt\/en\/"},{"@type":"ListItem","position":2,"name":"Produtos","item":"https:\/\/alvarolopesefilhos.pt\/loja\/"},{"@type":"ListItem","position":3,"name":"Rodap\u00e9"}]},{"@type":"WebSite","@id":"https:\/\/alvarolopesefilhos.pt\/en\/#website","url":"https:\/\/alvarolopesefilhos.pt\/en\/","name":"\u00c1lvaro Lopes e Filhos","description":"","publisher":{"@id":"https:\/\/alvarolopesefilhos.pt\/en\/#organization"},"potentialAction":[{"@type":"SearchAction","target":{"@type":"EntryPoint","urlTemplate":"https:\/\/alvarolopesefilhos.pt\/en\/?s={search_term_string}"},"query-input":{"@type":"PropertyValueSpecification","valueRequired":true,"valueName":"search_term_string"}}],"inLanguage":"en-US"},{"@type":"Organization","@id":"https:\/\/alvarolopesefilhos.pt\/en\/#organization","name":"Carpintaria \u00c1lvaro Lopes e Filhos","url":"https:\/\/alvarolopesefilhos.pt\/en\/","logo":{"@type":"ImageObject","inLanguage":"en-US","@id":"https:\/\/alvarolopesefilhos.pt\/en\/#\/schema\/logo\/image\/","url":"https:\/\/alvarolopesefilhos.pt\/wp-content\/uploads\/2021\/03\/logo_alvaro-01h-1.jpg","contentUrl":"https:\/\/alvarolopesefilhos.pt\/wp-content\/uploads\/2021\/03\/logo_alvaro-01h-1.jpg","width":842,"height":596,"caption":"Carpintaria \u00c1lvaro Lopes e Filhos"},"image":{"@id":"https:\/\/alvarolopesefilhos.pt\/en\/#\/schema\/logo\/image\/"}}]}},"_links":{"self":[{"href":"https:\/\/alvarolopesefilhos.pt\/en\/wp-json\/wp\/v2\/product\/2131","targetHints":{"allow":["GET"]}}],"collection":[{"href":"https:\/\/alvarolopesefilhos.pt\/en\/wp-json\/wp\/v2\/product"}],"about":[{"href":"https:\/\/alvarolopesefilhos.pt\/en\/wp-json\/wp\/v2\/types\/product"}],"replies":[{"embeddable":true,"href":"https:\/\/alvarolopesefilhos.pt\/en\/wp-json\/wp\/v2\/comments?post=2131"}],"wp:featuredmedia":[{"embeddable":true,"href":"https:\/\/alvarolopesefilhos.pt\/en\/wp-json\/wp\/v2\/media\/2172"}],"wp:attachment":[{"href":"https:\/\/alvarolopesefilhos.pt\/en\/wp-json\/wp\/v2\/media?parent=2131"}],"wp:term":[{"taxonomy":"product_brand","embeddable":true,"href":"https:\/\/alvarolopesefilhos.pt\/en\/wp-json\/wp\/v2\/product_brand?post=2131"},{"taxonomy":"product_cat","embeddable":true,"href":"https:\/\/alvarolopesefilhos.pt\/en\/wp-json\/wp\/v2\/product_cat?post=2131"},{"taxonomy":"product_tag","embeddable":true,"href":"https:\/\/alvarolopesefilhos.pt\/en\/wp-json\/wp\/v2\/product_tag?post=2131"}],"curies":[{"name":"wp","href":"https:\/\/api.w.org\/{rel}","templated":true}]}}