{"id":2129,"date":"2021-08-27T11:55:08","date_gmt":"2021-08-27T11:55:08","guid":{"rendered":"https:\/\/alvarolopesefilhos.pt\/?post_type=product&#038;p=2129"},"modified":"2021-08-27T16:49:37","modified_gmt":"2021-08-27T16:49:37","slug":"roupeiros","status":"publish","type":"product","link":"https:\/\/alvarolopesefilhos.pt\/en\/produto\/roupeiros\/","title":{"rendered":"Roupeiro"},"content":{"rendered":"<p>Kit Roupeiro com\u00a0portas de abrir<\/p>\n<p>Kit roupeiro composto com:<\/p>\n<ul>\n<li>interiores em melamina linho.<\/li>\n<li>frentes em aglomerado folheado envernizado. No caso do acabamento em branco mate, melam. ser\u00e1 lacado.<\/li>\n<\/ul>\n<p>Caso opte por cor preta ou cor wengue, \u00e9 considerado folheado de madeira de mogno pintado.<\/p>\n<p>Interior composto em cada divis\u00e3o por 1 gaveta, 1 prateleira, 1 maleiro e 1 var\u00e3o.<\/p>\n<p>Gaveta extra = 20\u20ac<br \/>\nPrateleira extra = 10\u20ac<\/p>\n<p><strong>A todos os pre\u00e7os acresce IVA \u00e0 taxa em vigor<\/strong><\/p>\n<p>Outras medias e pre\u00e7o sob or\u00e7amenta\u00e7\u00e3o atrav\u00e9s do <a href=\"https:\/\/alvarolopesefilhos.pt\/moveis-personalizados\/\" target=\"_blank\" rel=\"noopener\">formul\u00e1rio de contacto<\/a>.<\/p>\n","protected":false},"excerpt":{"rendered":"<p>Kit Roupeiro composto com portas de abrir<\/p>\n","protected":false},"featured_media":2174,"comment_status":"open","ping_status":"closed","template":"","meta":[],"product_brand":[],"product_cat":[39],"product_tag":[],"class_list":{"0":"post-2129","1":"product","2":"type-product","3":"status-publish","4":"has-post-thumbnail","6":"product_cat-roupeiros","8":"first","9":"instock","10":"taxable","11":"shipping-taxable","12":"product-type-simple"},"yoast_head":"<!-- This site is optimized with the Yoast SEO plugin v27.2 - https:\/\/yoast.com\/product\/yoast-seo-wordpress\/ -->\n<title>Roupeiro - \u00c1lvaro Lopes e Filhos<\/title>\n<meta name=\"robots\" content=\"index, follow, max-snippet:-1, max-image-preview:large, max-video-preview:-1\" \/>\n<link rel=\"canonical\" href=\"https:\/\/alvarolopesefilhos.pt\/en\/produto\/roupeiros\/\" \/>\n<meta property=\"og:locale\" content=\"en_US\" \/>\n<meta property=\"og:type\" content=\"article\" \/>\n<meta property=\"og:title\" content=\"Roupeiro - \u00c1lvaro Lopes e Filhos\" \/>\n<meta property=\"og:description\" content=\"Kit Roupeiro composto com portas de abrir\" \/>\n<meta property=\"og:url\" content=\"https:\/\/alvarolopesefilhos.pt\/en\/produto\/roupeiros\/\" \/>\n<meta property=\"og:site_name\" content=\"\u00c1lvaro Lopes e Filhos\" \/>\n<meta property=\"article:modified_time\" content=\"2021-08-27T16:49:37+00:00\" \/>\n<meta property=\"og:image\" content=\"https:\/\/alvarolopesefilhos.pt\/wp-content\/uploads\/2021\/08\/roupeiro-01.jpg\" \/>\n\t<meta property=\"og:image:width\" content=\"1920\" \/>\n\t<meta property=\"og:image:height\" content=\"1280\" \/>\n\t<meta property=\"og:image:type\" content=\"image\/jpeg\" \/>\n<meta name=\"twitter:card\" content=\"summary_large_image\" \/>\n<meta name=\"twitter:label1\" content=\"Est. reading time\" \/>\n\t<meta name=\"twitter:data1\" content=\"1 minute\" \/>\n<script type=\"application\/ld+json\" class=\"yoast-schema-graph\">{\"@context\":\"https:\/\/schema.org\",\"@graph\":[{\"@type\":\"WebPage\",\"@id\":\"https:\/\/alvarolopesefilhos.pt\/en\/produto\/roupeiros\/\",\"url\":\"https:\/\/alvarolopesefilhos.pt\/en\/produto\/roupeiros\/\",\"name\":\"Roupeiro - \u00c1lvaro Lopes e Filhos\",\"isPartOf\":{\"@id\":\"https:\/\/alvarolopesefilhos.pt\/en\/#website\"},\"primaryImageOfPage\":{\"@id\":\"https:\/\/alvarolopesefilhos.pt\/en\/produto\/roupeiros\/#primaryimage\"},\"image\":{\"@id\":\"https:\/\/alvarolopesefilhos.pt\/en\/produto\/roupeiros\/#primaryimage\"},\"thumbnailUrl\":\"https:\/\/alvarolopesefilhos.pt\/wp-content\/uploads\/2021\/08\/roupeiro-01.jpg\",\"datePublished\":\"2021-08-27T11:55:08+00:00\",\"dateModified\":\"2021-08-27T16:49:37+00:00\",\"breadcrumb\":{\"@id\":\"https:\/\/alvarolopesefilhos.pt\/en\/produto\/roupeiros\/#breadcrumb\"},\"inLanguage\":\"en-US\",\"potentialAction\":[{\"@type\":\"ReadAction\",\"target\":[\"https:\/\/alvarolopesefilhos.pt\/en\/produto\/roupeiros\/\"]}]},{\"@type\":\"ImageObject\",\"inLanguage\":\"en-US\",\"@id\":\"https:\/\/alvarolopesefilhos.pt\/en\/produto\/roupeiros\/#primaryimage\",\"url\":\"https:\/\/alvarolopesefilhos.pt\/wp-content\/uploads\/2021\/08\/roupeiro-01.jpg\",\"contentUrl\":\"https:\/\/alvarolopesefilhos.pt\/wp-content\/uploads\/2021\/08\/roupeiro-01.jpg\",\"width\":1920,\"height\":1280,\"caption\":\"SSUCv3H4sIAAAAAAAEAJ1Sy26DMBC8V+o\/IJ+DFEIeTn8l6mH9CLFqWISXNFXEv9cYiBapp948MzurnV0\/39+yTCgITouP7DmiiJ33faAOyGET6e1m5q1xhJ0DP5IjNyRFBALqgw2sRbEru2vExeIFD\/UPJ5SrAqH+am9IGIVyETQ0K+Hl0Oix7xQ+VtU9aQhkO15pbIvBUeoQVkJnoQ7kasvZayzzDjhVY\/jD3roHrcpabMyBE+HWUxwmBeBj3p2xqHxkU0O2PA1kq7jV1fqWi1wmnC3CvCCKkhAbxoVeJW6hhs2\/ndPj83W4yjZ6vNxzYFN31luYTn6ZSsXXdwxepxRzUQrNMPTGIUt5Rw1+NJSsc9s57ZqK2ZBu6bwL1vFzYs2IBilNMgcTJq50hEVZHHfycC5PRyn3p+35IJYPGw\/hDJ\/VmdGxNUbJUqtcnnZlvpdG5iCVzmOfs7JH0EaauKnhF7GvDVY4AwAA\"},{\"@type\":\"BreadcrumbList\",\"@id\":\"https:\/\/alvarolopesefilhos.pt\/en\/produto\/roupeiros\/#breadcrumb\",\"itemListElement\":[{\"@type\":\"ListItem\",\"position\":1,\"name\":\"In\u00edcio\",\"item\":\"https:\/\/alvarolopesefilhos.pt\/en\/\"},{\"@type\":\"ListItem\",\"position\":2,\"name\":\"Produtos\",\"item\":\"https:\/\/alvarolopesefilhos.pt\/loja\/\"},{\"@type\":\"ListItem\",\"position\":3,\"name\":\"Roupeiro\"}]},{\"@type\":\"WebSite\",\"@id\":\"https:\/\/alvarolopesefilhos.pt\/en\/#website\",\"url\":\"https:\/\/alvarolopesefilhos.pt\/en\/\",\"name\":\"\u00c1lvaro Lopes e Filhos\",\"description\":\"\",\"publisher\":{\"@id\":\"https:\/\/alvarolopesefilhos.pt\/en\/#organization\"},\"potentialAction\":[{\"@type\":\"SearchAction\",\"target\":{\"@type\":\"EntryPoint\",\"urlTemplate\":\"https:\/\/alvarolopesefilhos.pt\/en\/?s={search_term_string}\"},\"query-input\":{\"@type\":\"PropertyValueSpecification\",\"valueRequired\":true,\"valueName\":\"search_term_string\"}}],\"inLanguage\":\"en-US\"},{\"@type\":\"Organization\",\"@id\":\"https:\/\/alvarolopesefilhos.pt\/en\/#organization\",\"name\":\"Carpintaria \u00c1lvaro Lopes e Filhos\",\"url\":\"https:\/\/alvarolopesefilhos.pt\/en\/\",\"logo\":{\"@type\":\"ImageObject\",\"inLanguage\":\"en-US\",\"@id\":\"https:\/\/alvarolopesefilhos.pt\/en\/#\/schema\/logo\/image\/\",\"url\":\"https:\/\/alvarolopesefilhos.pt\/wp-content\/uploads\/2021\/03\/logo_alvaro-01h-1.jpg\",\"contentUrl\":\"https:\/\/alvarolopesefilhos.pt\/wp-content\/uploads\/2021\/03\/logo_alvaro-01h-1.jpg\",\"width\":842,\"height\":596,\"caption\":\"Carpintaria \u00c1lvaro Lopes e Filhos\"},\"image\":{\"@id\":\"https:\/\/alvarolopesefilhos.pt\/en\/#\/schema\/logo\/image\/\"}}]}<\/script>\n<!-- \/ Yoast SEO plugin. -->","yoast_head_json":{"title":"Roupeiro - \u00c1lvaro Lopes e Filhos","robots":{"index":"index","follow":"follow","max-snippet":"max-snippet:-1","max-image-preview":"max-image-preview:large","max-video-preview":"max-video-preview:-1"},"canonical":"https:\/\/alvarolopesefilhos.pt\/en\/produto\/roupeiros\/","og_locale":"en_US","og_type":"article","og_title":"Roupeiro - \u00c1lvaro Lopes e Filhos","og_description":"Kit Roupeiro composto com portas de abrir","og_url":"https:\/\/alvarolopesefilhos.pt\/en\/produto\/roupeiros\/","og_site_name":"\u00c1lvaro Lopes e Filhos","article_modified_time":"2021-08-27T16:49:37+00:00","og_image":[{"width":1920,"height":1280,"url":"https:\/\/alvarolopesefilhos.pt\/wp-content\/uploads\/2021\/08\/roupeiro-01.jpg","type":"image\/jpeg"}],"twitter_card":"summary_large_image","twitter_misc":{"Est. reading time":"1 minute"},"schema":{"@context":"https:\/\/schema.org","@graph":[{"@type":"WebPage","@id":"https:\/\/alvarolopesefilhos.pt\/en\/produto\/roupeiros\/","url":"https:\/\/alvarolopesefilhos.pt\/en\/produto\/roupeiros\/","name":"Roupeiro - \u00c1lvaro Lopes e Filhos","isPartOf":{"@id":"https:\/\/alvarolopesefilhos.pt\/en\/#website"},"primaryImageOfPage":{"@id":"https:\/\/alvarolopesefilhos.pt\/en\/produto\/roupeiros\/#primaryimage"},"image":{"@id":"https:\/\/alvarolopesefilhos.pt\/en\/produto\/roupeiros\/#primaryimage"},"thumbnailUrl":"https:\/\/alvarolopesefilhos.pt\/wp-content\/uploads\/2021\/08\/roupeiro-01.jpg","datePublished":"2021-08-27T11:55:08+00:00","dateModified":"2021-08-27T16:49:37+00:00","breadcrumb":{"@id":"https:\/\/alvarolopesefilhos.pt\/en\/produto\/roupeiros\/#breadcrumb"},"inLanguage":"en-US","potentialAction":[{"@type":"ReadAction","target":["https:\/\/alvarolopesefilhos.pt\/en\/produto\/roupeiros\/"]}]},{"@type":"ImageObject","inLanguage":"en-US","@id":"https:\/\/alvarolopesefilhos.pt\/en\/produto\/roupeiros\/#primaryimage","url":"https:\/\/alvarolopesefilhos.pt\/wp-content\/uploads\/2021\/08\/roupeiro-01.jpg","contentUrl":"https:\/\/alvarolopesefilhos.pt\/wp-content\/uploads\/2021\/08\/roupeiro-01.jpg","width":1920,"height":1280,"caption":"SSUCv3H4sIAAAAAAAEAJ1Sy26DMBC8V+o\/IJ+DFEIeTn8l6mH9CLFqWISXNFXEv9cYiBapp948MzurnV0\/39+yTCgITouP7DmiiJ33faAOyGET6e1m5q1xhJ0DP5IjNyRFBALqgw2sRbEru2vExeIFD\/UPJ5SrAqH+am9IGIVyETQ0K+Hl0Oix7xQ+VtU9aQhkO15pbIvBUeoQVkJnoQ7kasvZayzzDjhVY\/jD3roHrcpabMyBE+HWUxwmBeBj3p2xqHxkU0O2PA1kq7jV1fqWi1wmnC3CvCCKkhAbxoVeJW6hhs2\/ndPj83W4yjZ6vNxzYFN31luYTn6ZSsXXdwxepxRzUQrNMPTGIUt5Rw1+NJSsc9s57ZqK2ZBu6bwL1vFzYs2IBilNMgcTJq50hEVZHHfycC5PRyn3p+35IJYPGw\/hDJ\/VmdGxNUbJUqtcnnZlvpdG5iCVzmOfs7JH0EaauKnhF7GvDVY4AwAA"},{"@type":"BreadcrumbList","@id":"https:\/\/alvarolopesefilhos.pt\/en\/produto\/roupeiros\/#breadcrumb","itemListElement":[{"@type":"ListItem","position":1,"name":"In\u00edcio","item":"https:\/\/alvarolopesefilhos.pt\/en\/"},{"@type":"ListItem","position":2,"name":"Produtos","item":"https:\/\/alvarolopesefilhos.pt\/loja\/"},{"@type":"ListItem","position":3,"name":"Roupeiro"}]},{"@type":"WebSite","@id":"https:\/\/alvarolopesefilhos.pt\/en\/#website","url":"https:\/\/alvarolopesefilhos.pt\/en\/","name":"\u00c1lvaro Lopes e Filhos","description":"","publisher":{"@id":"https:\/\/alvarolopesefilhos.pt\/en\/#organization"},"potentialAction":[{"@type":"SearchAction","target":{"@type":"EntryPoint","urlTemplate":"https:\/\/alvarolopesefilhos.pt\/en\/?s={search_term_string}"},"query-input":{"@type":"PropertyValueSpecification","valueRequired":true,"valueName":"search_term_string"}}],"inLanguage":"en-US"},{"@type":"Organization","@id":"https:\/\/alvarolopesefilhos.pt\/en\/#organization","name":"Carpintaria \u00c1lvaro Lopes e Filhos","url":"https:\/\/alvarolopesefilhos.pt\/en\/","logo":{"@type":"ImageObject","inLanguage":"en-US","@id":"https:\/\/alvarolopesefilhos.pt\/en\/#\/schema\/logo\/image\/","url":"https:\/\/alvarolopesefilhos.pt\/wp-content\/uploads\/2021\/03\/logo_alvaro-01h-1.jpg","contentUrl":"https:\/\/alvarolopesefilhos.pt\/wp-content\/uploads\/2021\/03\/logo_alvaro-01h-1.jpg","width":842,"height":596,"caption":"Carpintaria \u00c1lvaro Lopes e Filhos"},"image":{"@id":"https:\/\/alvarolopesefilhos.pt\/en\/#\/schema\/logo\/image\/"}}]}},"_links":{"self":[{"href":"https:\/\/alvarolopesefilhos.pt\/en\/wp-json\/wp\/v2\/product\/2129","targetHints":{"allow":["GET"]}}],"collection":[{"href":"https:\/\/alvarolopesefilhos.pt\/en\/wp-json\/wp\/v2\/product"}],"about":[{"href":"https:\/\/alvarolopesefilhos.pt\/en\/wp-json\/wp\/v2\/types\/product"}],"replies":[{"embeddable":true,"href":"https:\/\/alvarolopesefilhos.pt\/en\/wp-json\/wp\/v2\/comments?post=2129"}],"wp:featuredmedia":[{"embeddable":true,"href":"https:\/\/alvarolopesefilhos.pt\/en\/wp-json\/wp\/v2\/media\/2174"}],"wp:attachment":[{"href":"https:\/\/alvarolopesefilhos.pt\/en\/wp-json\/wp\/v2\/media?parent=2129"}],"wp:term":[{"taxonomy":"product_brand","embeddable":true,"href":"https:\/\/alvarolopesefilhos.pt\/en\/wp-json\/wp\/v2\/product_brand?post=2129"},{"taxonomy":"product_cat","embeddable":true,"href":"https:\/\/alvarolopesefilhos.pt\/en\/wp-json\/wp\/v2\/product_cat?post=2129"},{"taxonomy":"product_tag","embeddable":true,"href":"https:\/\/alvarolopesefilhos.pt\/en\/wp-json\/wp\/v2\/product_tag?post=2129"}],"curies":[{"name":"wp","href":"https:\/\/api.w.org\/{rel}","templated":true}]}}